{"id":132,"date":"2025-04-18T09:33:16","date_gmt":"2025-04-18T09:33:16","guid":{"rendered":"https:\/\/adornosdelvalle.com\/?page_id=132"},"modified":"2025-04-18T09:34:39","modified_gmt":"2025-04-18T09:34:39","slug":"aviso-legal","status":"publish","type":"page","link":"https:\/\/adornosdelvalle.com\/index.php\/aviso-legal\/","title":{"rendered":"Aviso Legal"},"content":{"rendered":"\t\t<div data-elementor-type=\"wp-page\" data-elementor-id=\"132\" class=\"elementor elementor-132\" data-elementor-settings=\"{&quot;element_pack_global_tooltip_width&quot;:{&quot;unit&quot;:&quot;px&quot;,&quot;size&quot;:&quot;&quot;,&quot;sizes&quot;:[]},&quot;element_pack_global_tooltip_width_tablet&quot;:{&quot;unit&quot;:&quot;px&quot;,&quot;size&quot;:&quot;&quot;,&quot;sizes&quot;:[]},&quot;element_pack_global_tooltip_width_mobile&quot;:{&quot;unit&quot;:&quot;px&quot;,&quot;size&quot;:&quot;&quot;,&quot;sizes&quot;:[]},&quot;element_pack_global_tooltip_padding&quot;:{&quot;unit&quot;:&quot;px&quot;,&quot;top&quot;:&quot;&quot;,&quot;right&quot;:&quot;&quot;,&quot;bottom&quot;:&quot;&quot;,&quot;left&quot;:&quot;&quot;,&quot;isLinked&quot;:true},&quot;element_pack_global_tooltip_padding_tablet&quot;:{&quot;unit&quot;:&quot;px&quot;,&quot;top&quot;:&quot;&quot;,&quot;right&quot;:&quot;&quot;,&quot;bottom&quot;:&quot;&quot;,&quot;left&quot;:&quot;&quot;,&quot;isLinked&quot;:true},&quot;element_pack_global_tooltip_padding_mobile&quot;:{&quot;unit&quot;:&quot;px&quot;,&quot;top&quot;:&quot;&quot;,&quot;right&quot;:&quot;&quot;,&quot;bottom&quot;:&quot;&quot;,&quot;left&quot;:&quot;&quot;,&quot;isLinked&quot;:true},&quot;element_pack_global_tooltip_border_radius&quot;:{&quot;unit&quot;:&quot;px&quot;,&quot;top&quot;:&quot;&quot;,&quot;right&quot;:&quot;&quot;,&quot;bottom&quot;:&quot;&quot;,&quot;left&quot;:&quot;&quot;,&quot;isLinked&quot;:true},&quot;element_pack_global_tooltip_border_radius_tablet&quot;:{&quot;unit&quot;:&quot;px&quot;,&quot;top&quot;:&quot;&quot;,&quot;right&quot;:&quot;&quot;,&quot;bottom&quot;:&quot;&quot;,&quot;left&quot;:&quot;&quot;,&quot;isLinked&quot;:true},&quot;element_pack_global_tooltip_border_radius_mobile&quot;:{&quot;unit&quot;:&quot;px&quot;,&quot;top&quot;:&quot;&quot;,&quot;right&quot;:&quot;&quot;,&quot;bottom&quot;:&quot;&quot;,&quot;left&quot;:&quot;&quot;,&quot;isLinked&quot;:true}}\">\n\t\t\t\t<div class=\"elementor-element elementor-element-4c50053b e-con-full e-flex e-con e-parent\" data-id=\"4c50053b\" data-element_type=\"container\" data-settings=\"{&quot;background_background&quot;:&quot;gradient&quot;}\">\n\t\t<div class=\"elementor-element elementor-element-30138482 e-flex e-con-boxed e-con e-child\" data-id=\"30138482\" data-element_type=\"container\" data-settings=\"{&quot;background_background&quot;:&quot;classic&quot;}\">\n\t\t\t\t\t<div class=\"e-con-inner\">\n\t\t\t\t<div class=\"elementor-element elementor-element-768c966c elementor-invisible elementor-widget elementor-widget-heading\" data-id=\"768c966c\" data-element_type=\"widget\" data-settings=\"{&quot;_animation&quot;:&quot;fadeInUp&quot;,&quot;_animation_delay&quot;:&quot;200&quot;}\" data-widget_type=\"heading.default\">\n\t\t\t\t<div class=\"elementor-widget-container\">\n\t\t\t\t\t<h1 class=\"elementor-heading-title elementor-size-default\">Aviso Legal<\/h1>\t\t\t\t<\/div>\n\t\t\t\t<\/div>\n\t\t\t\t<div class=\"elementor-element elementor-element-63c6536 elementor-widget-tablet__width-initial elementor-widget-mobile__width-inherit elementor-invisible elementor-widget elementor-widget-text-editor\" data-id=\"63c6536\" data-element_type=\"widget\" data-settings=\"{&quot;_animation&quot;:&quot;fadeInUp&quot;,&quot;_animation_delay&quot;:&quot;240&quot;}\" data-widget_type=\"text-editor.default\">\n\t\t\t\t<div class=\"elementor-widget-container\">\n\t\t\t\t\t\t\t\t\t<p class=\"\" data-start=\"3640\" data-end=\"3666\"><strong data-start=\"3640\" data-end=\"3666\">1. Informaci\u00f3n general<\/strong><\/p><p class=\"\" data-start=\"3668\" data-end=\"3844\">En cumplimiento con el deber de informaci\u00f3n establecido en la Ley 34\/2002, de 11 de julio, de servicios de la sociedad de la informaci\u00f3n y comercio electr\u00f3nico, se informa que:<\/p><ul data-start=\"3846\" data-end=\"4038\"><li class=\"\" data-start=\"3846\" data-end=\"3897\"><p class=\"\" data-start=\"3848\" data-end=\"3897\"><strong data-start=\"3848\" data-end=\"3874\">Titular del sitio web:<\/strong> Adornos del Valle S.L.<\/p><\/li><li class=\"\" data-start=\"3898\" data-end=\"3918\"><p class=\"\" data-start=\"3900\" data-end=\"3918\"><strong data-start=\"3900\" data-end=\"3908\">CIF:<\/strong> B54905997<\/p><\/li><li class=\"\" data-start=\"3919\" data-end=\"3996\"><p class=\"\" data-start=\"3921\" data-end=\"3996\"><strong data-start=\"3921\" data-end=\"3935\">Direcci\u00f3n:<\/strong> Calle Pintor Escriv\u00e0, 9 \u2013 A, 03610 Petrer (Alicante), Espa\u00f1a<\/p><\/li><li class=\"\" data-start=\"3997\" data-end=\"4038\"><p class=\"\" data-start=\"3999\" data-end=\"4038\"><strong data-start=\"3999\" data-end=\"4021\">Email de contacto:<\/strong> <a rel=\"noopener\" data-start=\"4022\" data-end=\"4038\">info@adornosdelvalle.com<\/a><\/p><\/li><\/ul><p class=\"\" data-start=\"4040\" data-end=\"4081\"><strong data-start=\"4040\" data-end=\"4081\">2. Propiedad intelectual e industrial<\/strong><\/p><p class=\"\" data-start=\"4083\" data-end=\"4373\">Todos los contenidos del sitio web, incluyendo textos, im\u00e1genes, gr\u00e1ficos, logotipos, iconos, as\u00ed como su dise\u00f1o gr\u00e1fico y c\u00f3digo fuente, son propiedad de <em data-start=\"4238\" data-end=\"4262\">Adornos del Valle S.L.<\/em> o de terceros, estando protegidos por la legislaci\u00f3n vigente en materia de propiedad intelectual e industrial.<\/p><p class=\"\" data-start=\"4375\" data-end=\"4397\"><strong data-start=\"4375\" data-end=\"4397\">3. Responsabilidad<\/strong><\/p><p class=\"\" data-start=\"4399\" data-end=\"4634\"><em data-start=\"4399\" data-end=\"4423\">Adornos del Valle S.L.<\/em> no se hace responsable de los errores u omisiones en los contenidos del sitio web ni de los da\u00f1os derivados de su uso, ni por cualquier actuaci\u00f3n realizada sobre la base de la informaci\u00f3n que en \u00e9l se facilita.<\/p><p class=\"\" data-start=\"4636\" data-end=\"4661\"><strong data-start=\"4636\" data-end=\"4661\">4. Enlaces a terceros<\/strong><\/p><p class=\"\" data-start=\"4663\" data-end=\"4971\">En caso de que el sitio web contenga enlaces a otros sitios de Internet, <em data-start=\"4736\" data-end=\"4760\">Adornos del Valle S.L.<\/em> no ejercer\u00e1 ning\u00fan tipo de control sobre dichos sitios y contenidos. En ning\u00fan caso <em data-start=\"4845\" data-end=\"4869\">Adornos del Valle S.L.<\/em> asumir\u00e1 responsabilidad alguna por los contenidos de alg\u00fan enlace perteneciente a un sitio web ajeno.<\/p><p class=\"\" data-start=\"4973\" data-end=\"5016\"><strong data-start=\"4973\" data-end=\"5016\">5. Legislaci\u00f3n aplicable y jurisdicci\u00f3n<\/strong><\/p><p class=\"\" data-start=\"5018\" data-end=\"5255\">La relaci\u00f3n entre <em data-start=\"5036\" data-end=\"5060\">Adornos del Valle S.L.<\/em> y el usuario se regir\u00e1 por la normativa espa\u00f1ola vigente y cualquier controversia se someter\u00e1 a los Juzgados y tribunales de la ciudad de Alicante, salvo que la Ley aplicable disponga otra cosa.<\/p>\t\t\t\t\t\t\t\t<\/div>\n\t\t\t\t<\/div>\n\t\t\t\t\t<\/div>\n\t\t\t\t<\/div>\n\t\t\t\t<\/div>\n\t\t\t\t<\/div>\n\t\t","protected":false},"excerpt":{"rendered":"<p>Aviso Legal 1. Informaci\u00f3n general En cumplimiento con el deber de informaci\u00f3n establecido en la Ley 34\/2002, de 11 de julio, de [&hellip;]<\/p>\n","protected":false},"author":2,"featured_media":0,"parent":0,"menu_order":0,"comment_status":"closed","ping_status":"open","template":"","meta":{"footnotes":""},"class_list":["post-132","page","type-page","status-publish","hentry"],"_links":{"self":[{"href":"https:\/\/adornosdelvalle.com\/index.php\/wp-json\/wp\/v2\/pages\/132","targetHints":{"allow":["GET"]}}],"collection":[{"href":"https:\/\/adornosdelvalle.com\/index.php\/wp-json\/wp\/v2\/pages"}],"about":[{"href":"https:\/\/adornosdelvalle.com\/index.php\/wp-json\/wp\/v2\/types\/page"}],"author":[{"embeddable":true,"href":"https:\/\/adornosdelvalle.com\/index.php\/wp-json\/wp\/v2\/users\/2"}],"replies":[{"embeddable":true,"href":"https:\/\/adornosdelvalle.com\/index.php\/wp-json\/wp\/v2\/comments?post=132"}],"version-history":[{"count":4,"href":"https:\/\/adornosdelvalle.com\/index.php\/wp-json\/wp\/v2\/pages\/132\/revisions"}],"predecessor-version":[{"id":136,"href":"https:\/\/adornosdelvalle.com\/index.php\/wp-json\/wp\/v2\/pages\/132\/revisions\/136"}],"wp:attachment":[{"href":"https:\/\/adornosdelvalle.com\/index.php\/wp-json\/wp\/v2\/media?parent=132"}],"curies":[{"name":"wp","href":"https:\/\/api.w.org\/{rel}","templated":true}]}}